{"id":592,"date":"2025-02-20T15:55:32","date_gmt":"2025-02-20T15:55:32","guid":{"rendered":"https:\/\/serverupagency.com\/demo-cuatro\/producto\/teclado-gaming-rgb-sharkoon-skiller-sgk3-mecanico-alambrico-ingles-4044951031221\/"},"modified":"2025-02-20T15:55:32","modified_gmt":"2025-02-20T15:55:32","slug":"teclado-gaming-rgb-sharkoon-skiller-sgk3-mecanico-alambrico-ingles-4044951031221","status":"publish","type":"product","link":"https:\/\/www.groundbreakingprojects.online\/ecommerce-modern\/producto\/teclado-gaming-rgb-sharkoon-skiller-sgk3-mecanico-alambrico-ingles-4044951031221\/","title":{"rendered":"TECLADO GAMING RGB SHARKOON SKILLER SGK3 MEC\u00c1NICO AL\u00c1MBRICO INGL\u00c9S 4044951031221"},"content":{"rendered":"","protected":false},"excerpt":{"rendered":"","protected":false},"featured_media":591,"comment_status":"open","ping_status":"closed","template":"","meta":{"_et_pb_use_builder":"","_et_pb_old_content":"","_et_gb_content_width":"","inline_featured_image":false},"product_brand":[],"product_cat":[46],"product_tag":[],"class_list":{"0":"post-592","1":"product","2":"type-product","3":"status-publish","4":"has-post-thumbnail","6":"product_cat-teclados","8":"first","9":"instock","10":"shipping-taxable","11":"purchasable","12":"product-type-simple"},"_links":{"self":[{"href":"https:\/\/www.groundbreakingprojects.online\/ecommerce-modern\/wp-json\/wp\/v2\/product\/592","targetHints":{"allow":["GET"]}}],"collection":[{"href":"https:\/\/www.groundbreakingprojects.online\/ecommerce-modern\/wp-json\/wp\/v2\/product"}],"about":[{"href":"https:\/\/www.groundbreakingprojects.online\/ecommerce-modern\/wp-json\/wp\/v2\/types\/product"}],"replies":[{"embeddable":true,"href":"https:\/\/www.groundbreakingprojects.online\/ecommerce-modern\/wp-json\/wp\/v2\/comments?post=592"}],"wp:featuredmedia":[{"embeddable":true,"href":"https:\/\/www.groundbreakingprojects.online\/ecommerce-modern\/wp-json\/wp\/v2\/media\/591"}],"wp:attachment":[{"href":"https:\/\/www.groundbreakingprojects.online\/ecommerce-modern\/wp-json\/wp\/v2\/media?parent=592"}],"wp:term":[{"taxonomy":"product_brand","embeddable":true,"href":"https:\/\/www.groundbreakingprojects.online\/ecommerce-modern\/wp-json\/wp\/v2\/product_brand?post=592"},{"taxonomy":"product_cat","embeddable":true,"href":"https:\/\/www.groundbreakingprojects.online\/ecommerce-modern\/wp-json\/wp\/v2\/product_cat?post=592"},{"taxonomy":"product_tag","embeddable":true,"href":"https:\/\/www.groundbreakingprojects.online\/ecommerce-modern\/wp-json\/wp\/v2\/product_tag?post=592"}],"curies":[{"name":"wp","href":"https:\/\/api.w.org\/{rel}","templated":true}]}}